{"id":301,"date":"2014-09-25T12:43:24","date_gmt":"2014-09-25T10:43:24","guid":{"rendered":"https:\/\/tantramasazebratislava.sk\/?page_id=2"},"modified":"2014-09-25T12:43:24","modified_gmt":"2014-09-25T10:43:24","slug":"o-mne","status":"publish","type":"page","link":"https:\/\/www.tantramasazebratislava.sk\/de\/o-mne\/","title":{"rendered":"[:sk]O mne[:de]Uber mich[:]"},"content":{"rendered":"<p>[:sk]<\/p>\n<h3>V\u00edtam V\u00e1s na mojej str\u00e1nke<\/h3>\n<p><strong>Tantrick\u00e1 mas\u00e1\u017e<\/strong> je pre m\u0148a synonymom pokoja, medic\u00e1tie, zmyselnosti a slobody&#8230;<br \/>\nNa mojej \u017eivotnej ceste som pre\u0161la najroznej\u0161\u00edmi povolaniami a bizzardn\u00fdmi \u017eivotn\u00fdmi sk\u00fasenos\u0165ami.<br \/>\n[clear]<br \/>\n<strong>Do mojho \u017eivota muselo vst\u00fapi\u0165 ve\u013ea \u0165a\u017ek\u00fdch situ\u00e1ci\u00ed, aby som dospela k nasledovnemu poznaniu:<\/strong><br \/>\n&#8222;dakujem \u013eudom, ktor\u00ed mi pomohli a \u010fakujem aj t\u00fdm, ktor\u00ed mi ubl\u00ed\u017eili a podrazili ma.<br \/>\n[clear]<br \/>\nPr\u00e1ve v\u010faka tomu som spoznala ve\u013ea zauj\u00edmav\u00fdch \u013eud\u00ed,<br \/>\ndostala sa na ve\u013ea miest a hlavne som sa vela nau\u010dila.<br \/>\nPr\u00e1ve v\u010faka tomu som tam, kde som &#8230;a som t\u00fdm, k\u00fdm som&#8230;&#8220;<br \/>\n[clear]<br \/>\nTeraz v\u0161etky svoje \u017eivotn\u00e9 sk\u00fasenosti, svoju energiu a nehu vyu\u017e\u00edvam pri tantrickom ritu\u00e1ly.<br \/>\nTantrickej mas\u00e1\u017ei sa venujem od roku 2012.<br \/>\nVlastn\u00edm osved\u010denie o absolvovan\u00ed kurzov klasickej a tantrickej mas\u00e1\u017ee.<br \/>\n[clear]<br \/>\nRada u seba uv\u00edtam v\u00e1s v\u0161etk\u00fdch, ktor\u00ed ste Tantra mas\u00e1\u017e e\u0161te nesk\u00fasili, ale i t\u00fdch z v\u00e1s, ktor\u00ed u\u017e s \u0148ou m\u00e1te svoje sk\u00fasenosti.<br \/>\nNechajte h\u00fd\u010dka\u0165 svoje telo i zmysly, zrelaxujte sa a uvolnite. T\u00e1to mas\u00e1\u017e V\u00e1m poskytne hlbok\u00fd a neopakovate\u013en\u00fd z\u00e1\u017eitok.<br \/>\nTantrick\u00e1 mas\u00e1\u017e, \u010dasto naz\u00fdvan\u00e1 aj \u201ekr\u00e1lovnou mas\u00e1\u017ei\u201c je euforizuj\u00faca a ak je ok\u00fasi\u0161, t\u00fa\u017ei\u0161 ju pre\u017ei\u0165 znova a znova&#8230;<\/p>\n<p style=\"text-align: right;\">Va\u0161a Yvonne<\/p>\n<p>[gallery_list galleries=&#8220;0:fotogaleria&#8220; col_num=&#8220;9&#8243;]<br \/>\n\t[item_settings media_width=&#8220;100&#8243; media_height=&#8220;170&#8243; \/]<br \/>\n[\/gallery_list][:de]Guten Tag,<br \/>\nIch bin gelehrnte Masseurin fur klasische Massage und zertifizierte Tantra-masseurin mit Praxis.<\/p>\n<p>Werde Sie gerne einladen in meine Oase der Entspannung in private Niveauwolle Ambiente bei Kerzen -Licht und spirituelle Musik.<\/p>\n<p>\u00a0\u00a0\u00a0\u00a0\u00a0\u00a0\u00a0\u00a0\u00a0\u00a0\u00a0\u00a0\u00a0\u00a0\u00a0\u00a0\u00a0\u00a0 \u00a0\u00a0\u00a0\u00a0\u00a0\u00a0\u00a0\u00a0\u00a0\u00a0\u00a0\u00a0\u00a0\u00a0\u00a0\u00a0\u00a0\u00a0\u00a0\u00a0\u00a0\u00a0\u00a0\u00a0\u00a0\u00a0\u00a0\u00a0\u00a0\u00a0\u00a0\u00a0\u00a0\u00a0\u00a0\u00a0\u00a0\u00a0\u00a0\u00a0\u00a0\u00a0\u00a0\u00a0\u00a0\u00a0\u00a0\u00a0\u00a0\u00a0\u00a0\u00a0\u00a0\u00a0                               \u00a0\u00a0 Ihre Yvonne<\/p>\n<p>[gallery_list galleries=&#8220;0:fotogaleria&#8220; col_num=&#8220;9&#8243;]<br \/>\n\t[item_settings media_width=&#8220;100&#8243; media_height=&#8220;170&#8243; \/]<br \/>\n[\/gallery_list][:]<\/p>\n","protected":false},"excerpt":{"rendered":"<p>[:sk] V\u00edtam V\u00e1s na mojej str\u00e1nke Tantrick\u00e1 mas\u00e1\u017e je pre m\u0148a synonymom pokoja, medic\u00e1tie, zmyselnosti a slobody&#8230; Na mojej \u017eivotnej ceste som pre\u0161la najroznej\u0161\u00edmi povolaniami a bizzardn\u00fdmi \u017eivotn\u00fdmi sk\u00fasenos\u0165ami. [clear] Do mojho \u017eivota muselo vst\u00fapi\u0165 ve\u013ea \u0165a\u017ek\u00fdch situ\u00e1ci\u00ed, aby som dospela k nasledovnemu poznaniu: &#8222;dakujem \u013eudom, ktor\u00ed mi pomohli a \u010fakujem aj t\u00fdm, ktor\u00ed mi [&hellip;]<\/p>\n","protected":false},"author":1,"featured_media":0,"parent":0,"menu_order":0,"comment_status":"closed","ping_status":"closed","template":"","meta":{"_et_pb_use_builder":"","_et_pb_old_content":"","_et_gb_content_width":"","footnotes":""},"class_list":["post-301","page","type-page","status-publish","hentry"],"_links":{"self":[{"href":"https:\/\/www.tantramasazebratislava.sk\/de\/wp-json\/wp\/v2\/pages\/301","targetHints":{"allow":["GET"]}}],"collection":[{"href":"https:\/\/www.tantramasazebratislava.sk\/de\/wp-json\/wp\/v2\/pages"}],"about":[{"href":"https:\/\/www.tantramasazebratislava.sk\/de\/wp-json\/wp\/v2\/types\/page"}],"author":[{"embeddable":true,"href":"https:\/\/www.tantramasazebratislava.sk\/de\/wp-json\/wp\/v2\/users\/1"}],"replies":[{"embeddable":true,"href":"https:\/\/www.tantramasazebratislava.sk\/de\/wp-json\/wp\/v2\/comments?post=301"}],"version-history":[{"count":0,"href":"https:\/\/www.tantramasazebratislava.sk\/de\/wp-json\/wp\/v2\/pages\/301\/revisions"}],"wp:attachment":[{"href":"https:\/\/www.tantramasazebratislava.sk\/de\/wp-json\/wp\/v2\/media?parent=301"}],"curies":[{"name":"wp","href":"https:\/\/api.w.org\/{rel}","templated":true}]}}